{"id":17,"date":"2016-06-15T11:24:16","date_gmt":"2016-06-15T08:24:16","guid":{"rendered":"http:\/\/ld-wp.template-help.com\/wordpress_61223-sample\/?page_id=17"},"modified":"2023-10-05T09:51:15","modified_gmt":"2023-10-05T06:51:15","slug":"tiedotteet","status":"publish","type":"page","link":"https:\/\/www.gc-cranes.fi\/www\/tiedotteet\/","title":{"rendered":"Tiedotteet"},"content":{"rendered":"\t\t<div data-elementor-type=\"wp-page\" data-elementor-id=\"17\" class=\"elementor elementor-17\">\n\t\t\t\t<div class=\"elementor-element elementor-element-6254b08 e-flex e-con-boxed e-con e-parent\" data-id=\"6254b08\" data-element_type=\"container\" data-e-type=\"container\">\n\t\t\t\t\t<div class=\"e-con-inner\">\n\t\t\t\t<div class=\"elementor-element elementor-element-18c2726 elementor-widget elementor-widget-heading\" data-id=\"18c2726\" data-element_type=\"widget\" data-e-type=\"widget\" data-widget_type=\"heading.default\">\n\t\t\t\t<div class=\"elementor-widget-container\">\n\t\t\t\t\t<h1 class=\"elementor-heading-title elementor-size-default\">Tiedotteet<\/h1>\t\t\t\t<\/div>\n\t\t\t\t<\/div>\n\t\t\t\t\t<\/div>\n\t\t\t\t<\/div>\n\t\t<div class=\"elementor-element elementor-element-115c389 e-flex e-con-boxed e-con e-parent\" data-id=\"115c389\" data-element_type=\"container\" data-e-type=\"container\">\n\t\t\t\t\t<div class=\"e-con-inner\">\n\t\t\t\t<div class=\"elementor-element elementor-element-6c13900 elementor-grid-eael-col-3 elementor-grid-tablet-eael-col-2 elementor-grid-mobile-eael-col-1 elementor-widget elementor-widget-eael-post-grid\" data-id=\"6c13900\" data-element_type=\"widget\" data-e-type=\"widget\" data-settings=\"{&quot;eael_post_grid_columns&quot;:&quot;eael-col-3&quot;,&quot;eael_post_grid_columns_tablet&quot;:&quot;eael-col-2&quot;,&quot;eael_post_grid_columns_mobile&quot;:&quot;eael-col-1&quot;}\" data-widget_type=\"eael-post-grid.default\">\n\t\t\t\t<div class=\"elementor-widget-container\">\n\t\t\t\t\t<div id=\"eael-post-grid-6c13900\" class=\"eael-post-grid-container\">\n            <div class=\"eael-post-grid eael-post-appender eael-post-appender-6c13900 eael-post-grid-style-one\" data-layout-mode=\"grid\"><article class=\"eael-grid-post  eael-post-grid-column eael-pg-post-4119 category-ajankohtaista-fin\" data-id=\"4119\">\n        <div class=\"eael-grid-post-holder\">\n            <div class=\"eael-grid-post-holder-inner\"><div class=\"eael-entry-media\"><div class=\"eael-entry-overlay fade-in\"><i class=\"fas fa-long-arrow-alt-right\" aria-hidden=\"true\"><\/i><a href=\"https:\/\/www.gc-cranes.fi\/www\/2024\/11\/07\/avoin-tyopaikka-huoltoasentaja-nostureiden-kunnossapitoon\/\"><\/a><\/div><div class=\"eael-entry-thumbnail eael-image-ratio\">\n                <img fetchpriority=\"high\" decoding=\"async\" width=\"3335\" height=\"3335\" src=\"https:\/\/www.gc-cranes.fi\/www\/wp-content\/uploads\/2018\/11\/gc-rekry-03.png\" class=\"attachment-full size-full wp-image-3801\" alt=\"\" srcset=\"https:\/\/www.gc-cranes.fi\/www\/wp-content\/uploads\/2018\/11\/gc-rekry-03.png 3335w, https:\/\/www.gc-cranes.fi\/www\/wp-content\/uploads\/2018\/11\/gc-rekry-03-150x150.png 150w, https:\/\/www.gc-cranes.fi\/www\/wp-content\/uploads\/2018\/11\/gc-rekry-03-300x300.png 300w, https:\/\/www.gc-cranes.fi\/www\/wp-content\/uploads\/2018\/11\/gc-rekry-03-768x768.png 768w, https:\/\/www.gc-cranes.fi\/www\/wp-content\/uploads\/2018\/11\/gc-rekry-03-1024x1024.png 1024w, https:\/\/www.gc-cranes.fi\/www\/wp-content\/uploads\/2018\/11\/gc-rekry-03-400x400.png 400w, https:\/\/www.gc-cranes.fi\/www\/wp-content\/uploads\/2018\/11\/gc-rekry-03-512x512.png 512w, https:\/\/www.gc-cranes.fi\/www\/wp-content\/uploads\/2018\/11\/gc-rekry-03-45x45.png 45w\" sizes=\"(max-width: 3335px) 100vw, 3335px\" \/>\n            <\/div>\n        <\/div><div class=\"eael-entry-wrapper\"><header class=\"eael-entry-header\"><h2 class=\"eael-entry-title\"><a class=\"eael-grid-post-link\" href=\"https:\/\/www.gc-cranes.fi\/www\/2024\/11\/07\/avoin-tyopaikka-huoltoasentaja-nostureiden-kunnossapitoon\/\" title=\"Avoin ty\u00f6paikka: Huoltoasentaja nostureiden kunnossapitoon\">Avoin ty\u00f6paikka: Huoltoasentaja nostureiden kunnossapitoon<\/a><\/h2><\/header><div class=\"eael-entry-content\">\n                        <div class=\"eael-grid-post-excerpt\"><p>GC-Cranes \u2013 Kymmenien vuosien kokemus nostureista ja nostolaitteista GC-Cranes on...<\/p><a href=\"https:\/\/www.gc-cranes.fi\/www\/2024\/11\/07\/avoin-tyopaikka-huoltoasentaja-nostureiden-kunnossapitoon\/\" class=\"eael-post-elements-readmore-btn\">Lue lis\u00e4\u00e4<\/a><\/div>\n                    <\/div><div class=\"eael-entry-footer\"><div class=\"eael-entry-meta\"><\/div><\/div><\/div><\/div>\n        <\/div>\n    <\/article><article class=\"eael-grid-post  eael-post-grid-column eael-pg-post-2913 category-ajankohtaista-fin\" data-id=\"2913\">\n        <div class=\"eael-grid-post-holder\">\n            <div class=\"eael-grid-post-holder-inner\"><div class=\"eael-entry-media\"><div class=\"eael-entry-overlay fade-in\"><i class=\"fas fa-long-arrow-alt-right\" aria-hidden=\"true\"><\/i><a href=\"https:\/\/www.gc-cranes.fi\/www\/2018\/08\/03\/gc-control-paivittaa-nosturin-ohjausjarjestelman\/\"><\/a><\/div><div class=\"eael-entry-thumbnail eael-image-ratio\">\n                <img decoding=\"async\" width=\"555\" height=\"380\" src=\"https:\/\/www.gc-cranes.fi\/www\/wp-content\/uploads\/2017\/11\/GC-Control-nosturin-ohjausjarjestelmat-gc-cranes-metalliteollisuus.jpg\" class=\"attachment-full size-full wp-image-3322\" alt=\"\" srcset=\"https:\/\/www.gc-cranes.fi\/www\/wp-content\/uploads\/2017\/11\/GC-Control-nosturin-ohjausjarjestelmat-gc-cranes-metalliteollisuus.jpg 555w, https:\/\/www.gc-cranes.fi\/www\/wp-content\/uploads\/2017\/11\/GC-Control-nosturin-ohjausjarjestelmat-gc-cranes-metalliteollisuus-300x205.jpg 300w, https:\/\/www.gc-cranes.fi\/www\/wp-content\/uploads\/2017\/11\/GC-Control-nosturin-ohjausjarjestelmat-gc-cranes-metalliteollisuus-370x253.jpg 370w\" sizes=\"(max-width: 555px) 100vw, 555px\" \/>\n            <\/div>\n        <\/div><div class=\"eael-entry-wrapper\"><header class=\"eael-entry-header\"><h2 class=\"eael-entry-title\"><a class=\"eael-grid-post-link\" href=\"https:\/\/www.gc-cranes.fi\/www\/2018\/08\/03\/gc-control-paivittaa-nosturin-ohjausjarjestelman\/\" title=\"GC-Control p\u00e4ivitt\u00e4\u00e4 nosturin ohjausj\u00e4rjestelm\u00e4n\">GC-Control p\u00e4ivitt\u00e4\u00e4 nosturin ohjausj\u00e4rjestelm\u00e4n<\/a><\/h2><\/header><div class=\"eael-entry-content\">\n                        <div class=\"eael-grid-post-excerpt\"><p>Tilaa ilmainen nosturin modernisaatioanalyysi. Asiantuntijamme raportissa saat selvityksen, mit\u00e4 toimenpiteit\u00e4...<\/p><a href=\"https:\/\/www.gc-cranes.fi\/www\/2018\/08\/03\/gc-control-paivittaa-nosturin-ohjausjarjestelman\/\" class=\"eael-post-elements-readmore-btn\">Lue lis\u00e4\u00e4<\/a><\/div>\n                    <\/div><div class=\"eael-entry-footer\"><div class=\"eael-entry-meta\"><\/div><\/div><\/div><\/div>\n        <\/div>\n    <\/article><article class=\"eael-grid-post  eael-post-grid-column eael-pg-post-2910 category-ajankohtaista-fin\" data-id=\"2910\">\n        <div class=\"eael-grid-post-holder\">\n            <div class=\"eael-grid-post-holder-inner\"><div class=\"eael-entry-media\"><div class=\"eael-entry-overlay fade-in\"><i class=\"fas fa-long-arrow-alt-right\" aria-hidden=\"true\"><\/i><a href=\"https:\/\/www.gc-cranes.fi\/www\/2018\/08\/02\/ajantasainen-solidservi-rekisteri\/\"><\/a><\/div><div class=\"eael-entry-thumbnail eael-image-ratio\">\n                <img decoding=\"async\" width=\"555\" height=\"380\" src=\"https:\/\/www.gc-cranes.fi\/www\/wp-content\/uploads\/2017\/11\/SolidServi-rekisteri-gc-cranes-metalliteollisuus.jpg\" class=\"attachment-full size-full wp-image-3326\" alt=\"\" srcset=\"https:\/\/www.gc-cranes.fi\/www\/wp-content\/uploads\/2017\/11\/SolidServi-rekisteri-gc-cranes-metalliteollisuus.jpg 555w, https:\/\/www.gc-cranes.fi\/www\/wp-content\/uploads\/2017\/11\/SolidServi-rekisteri-gc-cranes-metalliteollisuus-300x205.jpg 300w, https:\/\/www.gc-cranes.fi\/www\/wp-content\/uploads\/2017\/11\/SolidServi-rekisteri-gc-cranes-metalliteollisuus-370x253.jpg 370w\" sizes=\"(max-width: 555px) 100vw, 555px\" \/>\n            <\/div>\n        <\/div><div class=\"eael-entry-wrapper\"><header class=\"eael-entry-header\"><h2 class=\"eael-entry-title\"><a class=\"eael-grid-post-link\" href=\"https:\/\/www.gc-cranes.fi\/www\/2018\/08\/02\/ajantasainen-solidservi-rekisteri\/\" title=\"Ajantasainen SolidServi rekisteri\">Ajantasainen SolidServi rekisteri<\/a><\/h2><\/header><div class=\"eael-entry-content\">\n                        <div class=\"eael-grid-post-excerpt\"><p>Tarjoamme nostoapuv\u00e4lineiden kustannustehokasta huolto- ja tarkastuspalvelua joko asiakkaan tiloissa tai...<\/p><a href=\"https:\/\/www.gc-cranes.fi\/www\/2018\/08\/02\/ajantasainen-solidservi-rekisteri\/\" class=\"eael-post-elements-readmore-btn\">Lue lis\u00e4\u00e4<\/a><\/div>\n                    <\/div><div class=\"eael-entry-footer\"><div class=\"eael-entry-meta\"><\/div><\/div><\/div><\/div>\n        <\/div>\n    <\/article><article class=\"eael-grid-post  eael-post-grid-column eael-pg-post-104 category-ajankohtaista-fin tags-industry-news-projects-in-development\" data-id=\"104\">\n        <div class=\"eael-grid-post-holder\">\n            <div class=\"eael-grid-post-holder-inner\"><div class=\"eael-entry-media\"><div class=\"eael-entry-overlay fade-in\"><i class=\"fas fa-long-arrow-alt-right\" aria-hidden=\"true\"><\/i><a href=\"https:\/\/www.gc-cranes.fi\/www\/2018\/08\/01\/gc-safety-koulutukset\/\"><\/a><\/div><div class=\"eael-entry-thumbnail eael-image-ratio\">\n                <img loading=\"lazy\" decoding=\"async\" width=\"555\" height=\"380\" src=\"https:\/\/www.gc-cranes.fi\/www\/wp-content\/uploads\/2016\/06\/GC-SAFETY-koulutukset-gc-cranes.jpg\" class=\"attachment-full size-full wp-image-3319\" alt=\"GC-SAFETY-koulutukset-gc-cranes\" srcset=\"https:\/\/www.gc-cranes.fi\/www\/wp-content\/uploads\/2016\/06\/GC-SAFETY-koulutukset-gc-cranes.jpg 555w, https:\/\/www.gc-cranes.fi\/www\/wp-content\/uploads\/2016\/06\/GC-SAFETY-koulutukset-gc-cranes-300x205.jpg 300w, https:\/\/www.gc-cranes.fi\/www\/wp-content\/uploads\/2016\/06\/GC-SAFETY-koulutukset-gc-cranes-370x253.jpg 370w\" sizes=\"(max-width: 555px) 100vw, 555px\" \/>\n            <\/div>\n        <\/div><div class=\"eael-entry-wrapper\"><header class=\"eael-entry-header\"><h2 class=\"eael-entry-title\"><a class=\"eael-grid-post-link\" href=\"https:\/\/www.gc-cranes.fi\/www\/2018\/08\/01\/gc-safety-koulutukset\/\" title=\"GC-SAFETY koulutukset\">GC-SAFETY koulutukset<\/a><\/h2><\/header><div class=\"eael-entry-content\">\n                        <div class=\"eael-grid-post-excerpt\"><p>GC-GRANES on osana laajempaa GC-GROUP kokonaisuutta, jonka tarkoituksena on tarjota...<\/p><a href=\"https:\/\/www.gc-cranes.fi\/www\/2018\/08\/01\/gc-safety-koulutukset\/\" class=\"eael-post-elements-readmore-btn\">Lue lis\u00e4\u00e4<\/a><\/div>\n                    <\/div><div class=\"eael-entry-footer\"><div class=\"eael-entry-meta\"><\/div><\/div><\/div><\/div>\n        <\/div>\n    <\/article><\/div>\n            <div class=\"clearfix\"><\/div>\n        <\/div>\t\t\t\t<\/div>\n\t\t\t\t<\/div>\n\t\t\t\t\t<\/div>\n\t\t\t\t<\/div>\n\t\t\t\t<\/div>\n\t\t","protected":false},"excerpt":{"rendered":"<p>Tiedotteet Avoin ty\u00f6paikka: Henkil\u00f6nostintarkastaja, Kouvola Rekrytoimme henkil\u00f6nostintarkastajan Kouvolaan! Ty\u00f6teht\u00e4viisi kuuluu&nbsp;henkil\u00f6nostimien ennakoivaa kunnossapitoa, vika- ja korjauspalvelua&#8230; Lue lis\u00e4\u00e4 Avoin ty\u00f6paikka: Nostolaite- \/ huoltoasentajia, GC-Cranes Kouvola Rekrytoimme nostolaite- ja huoltoasentajia Kouvolaan! Ty\u00f6teht\u00e4viisi kuuluu nostolaitteiden ennakoivaa kunnossapitoa,&#8230; Lue lis\u00e4\u00e4 GC-Control p\u00e4ivitt\u00e4\u00e4 nosturin ohjausj\u00e4rjestelm\u00e4n Tilaa ilmainen nosturin modernisaatioanalyysi. Asiantuntijamme raportissa saat selvityksen, mit\u00e4 toimenpiteit\u00e4&#8230; Lue lis\u00e4\u00e4 Ajantasainen SolidServi rekisteri &hellip;<\/p>\n<p class=\"read-more\"> <a class=\"\" href=\"https:\/\/www.gc-cranes.fi\/www\/2018\/08\/01\/gc-safety-koulutukset\/\"> <span class=\"screen-reader-text\">GC-SAFETY koulutukset<\/span> Lue lis\u00e4\u00e4 &raquo;<\/a><\/p>\n","protected":false},"author":1,"featured_media":0,"parent":0,"menu_order":0,"comment_status":"closed","ping_status":"closed","template":"","meta":{"site-sidebar-layout":"default","site-content-layout":"","ast-site-content-layout":"","site-content-style":"default","site-sidebar-style":"default","ast-global-header-display":"","ast-banner-title-visibility":"","ast-main-header-display":"","ast-hfb-above-header-display":"","ast-hfb-below-header-display":"","ast-hfb-mobile-header-display":"","site-post-title":"","ast-breadcrumbs-content":"","ast-featured-img":"","footer-sml-layout":"","theme-transparent-header-meta":"","adv-header-id-meta":"","stick-header-meta":"","header-above-stick-meta":"","header-main-stick-meta":"","header-below-stick-meta":"","astra-migrate-meta-layouts":"","ngg_post_thumbnail":0,"footnotes":""},"class_list":["post-17","page","type-page","status-publish","hentry"],"_links":{"self":[{"href":"https:\/\/www.gc-cranes.fi\/www\/wp-json\/wp\/v2\/pages\/17","targetHints":{"allow":["GET"]}}],"collection":[{"href":"https:\/\/www.gc-cranes.fi\/www\/wp-json\/wp\/v2\/pages"}],"about":[{"href":"https:\/\/www.gc-cranes.fi\/www\/wp-json\/wp\/v2\/types\/page"}],"author":[{"embeddable":true,"href":"https:\/\/www.gc-cranes.fi\/www\/wp-json\/wp\/v2\/users\/1"}],"replies":[{"embeddable":true,"href":"https:\/\/www.gc-cranes.fi\/www\/wp-json\/wp\/v2\/comments?post=17"}],"version-history":[{"count":12,"href":"https:\/\/www.gc-cranes.fi\/www\/wp-json\/wp\/v2\/pages\/17\/revisions"}],"predecessor-version":[{"id":3967,"href":"https:\/\/www.gc-cranes.fi\/www\/wp-json\/wp\/v2\/pages\/17\/revisions\/3967"}],"wp:attachment":[{"href":"https:\/\/www.gc-cranes.fi\/www\/wp-json\/wp\/v2\/media?parent=17"}],"curies":[{"name":"wp","href":"https:\/\/api.w.org\/{rel}","templated":true}]}}