{"id":3092,"date":"2018-03-22T11:40:53","date_gmt":"2018-03-22T09:40:53","guid":{"rendered":"http:\/\/www.gc-cranes.fi\/www\/?page_id=3092"},"modified":"2018-11-16T09:16:47","modified_gmt":"2018-11-16T07:16:47","slug":"profiilinosturit","status":"publish","type":"page","link":"https:\/\/www.gc-cranes.fi\/www\/profiilinosturit\/","title":{"rendered":"Profiilinosturit"},"content":{"rendered":"<h1>Profiilinosturit<\/h1>\n<p><img fetchpriority=\"high\" decoding=\"async\" class=\"size-full wp-image-3268 alignnone\" src=\"http:\/\/www.gc-cranes.fi\/www\/wp-content\/uploads\/2018\/03\/gc-guaranty-cranes-profiilinosturit-metalliteollisuus.jpg\" alt=\"gc-guaranty-cranes-profiilinosturit-metalliteollisuus\" width=\"887\" height=\"324\" srcset=\"https:\/\/www.gc-cranes.fi\/www\/wp-content\/uploads\/2018\/03\/gc-guaranty-cranes-profiilinosturit-metalliteollisuus.jpg 887w, https:\/\/www.gc-cranes.fi\/www\/wp-content\/uploads\/2018\/03\/gc-guaranty-cranes-profiilinosturit-metalliteollisuus-300x110.jpg 300w, https:\/\/www.gc-cranes.fi\/www\/wp-content\/uploads\/2018\/03\/gc-guaranty-cranes-profiilinosturit-metalliteollisuus-768x281.jpg 768w\" sizes=\"(max-width: 887px) 100vw, 887px\" \/><\/p>\n<p>Profiilinosturi on tilaan ja tarpeeseen mukautuva edullinen nosturiratkaisu kokoonpano-, tuotanto- ja huoltot\u00f6ihin \/ ty\u00f6pisteisiin. Asennuksina profiilinosturit voidaan asentaa monipuolisesti olemassa oleviin rakenteisiin tai omalle radalle tolppakannatuksilla. Nopea asennus ja k\u00e4ytt\u00f6\u00f6notto, ei hitsauksia.<\/p>\n<p>Tarjoamme profiilinosturit kohteeseen yksil\u00f6llisesti suunniteltuina. Tuotteisiin kuuluu ter\u00e4s- kuin alumiiniprofiilit k\u00e4si- ja moottorisiirroilla 2000kg asti.<\/p>\n<p>&nbsp;<\/p>\n<p>&nbsp;<\/p>\n<h3 style=\"margin-top: -20px; margin-bottom: -8px;\">Galleria<\/h3>\nngg_shortcode_0_placeholder\n<p>&nbsp;<\/p>\n<p>&nbsp;<\/p>\n","protected":false},"excerpt":{"rendered":"<p>Profiilinosturit Profiilinosturi on tilaan ja tarpeeseen mukautuva edullinen nosturiratkaisu kokoonpano-, tuotanto- ja huoltot\u00f6ihin \/ ty\u00f6pisteisiin. Asennuksina profiilinosturit voidaan asentaa monipuolisesti olemassa oleviin rakenteisiin tai omalle radalle tolppakannatuksilla. Nopea asennus ja k\u00e4ytt\u00f6\u00f6notto, ei hitsauksia. Tarjoamme profiilinosturit kohteeseen yksil\u00f6llisesti suunniteltuina. Tuotteisiin kuuluu ter\u00e4s- kuin alumiiniprofiilit k\u00e4si- ja moottorisiirroilla 2000kg asti. &nbsp; &nbsp; Galleria &nbsp; &nbsp;<\/p>\n","protected":false},"author":1,"featured_media":0,"parent":0,"menu_order":0,"comment_status":"closed","ping_status":"closed","template":"","meta":{"site-sidebar-layout":"default","site-content-layout":"","ast-site-content-layout":"","site-content-style":"default","site-sidebar-style":"default","ast-global-header-display":"","ast-banner-title-visibility":"","ast-main-header-display":"","ast-hfb-above-header-display":"","ast-hfb-below-header-display":"","ast-hfb-mobile-header-display":"","site-post-title":"","ast-breadcrumbs-content":"","ast-featured-img":"","footer-sml-layout":"","theme-transparent-header-meta":"","adv-header-id-meta":"","stick-header-meta":"","header-above-stick-meta":"","header-main-stick-meta":"","header-below-stick-meta":"","astra-migrate-meta-layouts":"","ngg_post_thumbnail":0,"footnotes":""},"class_list":["post-3092","page","type-page","status-publish","hentry"],"_links":{"self":[{"href":"https:\/\/www.gc-cranes.fi\/www\/wp-json\/wp\/v2\/pages\/3092","targetHints":{"allow":["GET"]}}],"collection":[{"href":"https:\/\/www.gc-cranes.fi\/www\/wp-json\/wp\/v2\/pages"}],"about":[{"href":"https:\/\/www.gc-cranes.fi\/www\/wp-json\/wp\/v2\/types\/page"}],"author":[{"embeddable":true,"href":"https:\/\/www.gc-cranes.fi\/www\/wp-json\/wp\/v2\/users\/1"}],"replies":[{"embeddable":true,"href":"https:\/\/www.gc-cranes.fi\/www\/wp-json\/wp\/v2\/comments?post=3092"}],"version-history":[{"count":5,"href":"https:\/\/www.gc-cranes.fi\/www\/wp-json\/wp\/v2\/pages\/3092\/revisions"}],"predecessor-version":[{"id":3694,"href":"https:\/\/www.gc-cranes.fi\/www\/wp-json\/wp\/v2\/pages\/3092\/revisions\/3694"}],"wp:attachment":[{"href":"https:\/\/www.gc-cranes.fi\/www\/wp-json\/wp\/v2\/media?parent=3092"}],"curies":[{"name":"wp","href":"https:\/\/api.w.org\/{rel}","templated":true}]}}