{"id":3101,"date":"2018-03-22T12:45:03","date_gmt":"2018-03-22T10:45:03","guid":{"rendered":"http:\/\/www.gc-cranes.fi\/www\/?page_id=3101"},"modified":"2018-11-15T09:44:03","modified_gmt":"2018-11-15T07:44:03","slug":"gc-control-radio-ohjauslaitteet","status":"publish","type":"page","link":"https:\/\/www.gc-cranes.fi\/www\/gc-control-radio-ohjauslaitteet\/","title":{"rendered":"GC-Control radio-ohjauslaitteet"},"content":{"rendered":"<h1>GC-Control radio-ohjauslaitteet<\/h1>\n<p><img fetchpriority=\"high\" decoding=\"async\" class=\"size-full wp-image-3611 alignnone\" src=\"https:\/\/www.gc-cranes.fi\/www\/wp-content\/uploads\/2018\/11\/gc-guaranty-cranes-gc-control-radio-ohjaimet-juuko-metalliteollisuus.png\" alt=\"gc-guaranty-cranes-gc-control-radio-ohjaimet-juuko-metalliteollisuus\" width=\"887\" height=\"324\" srcset=\"https:\/\/www.gc-cranes.fi\/www\/wp-content\/uploads\/2018\/11\/gc-guaranty-cranes-gc-control-radio-ohjaimet-juuko-metalliteollisuus.png 887w, https:\/\/www.gc-cranes.fi\/www\/wp-content\/uploads\/2018\/11\/gc-guaranty-cranes-gc-control-radio-ohjaimet-juuko-metalliteollisuus-300x110.png 300w, https:\/\/www.gc-cranes.fi\/www\/wp-content\/uploads\/2018\/11\/gc-guaranty-cranes-gc-control-radio-ohjaimet-juuko-metalliteollisuus-768x281.png 768w\" sizes=\"(max-width: 887px) 100vw, 887px\" \/><\/p>\n<h3>GC-Control \u2013 edell\u00e4k\u00e4vij\u00e4 laitteiden ohjausj\u00e4rjestelmiss\u00e4<\/h3>\n<p>Langattomat, helppok\u00e4ytt\u00f6iset ja kest\u00e4v\u00e4t radio-ohjaimet lis\u00e4\u00e4v\u00e4t tehokkuutta ja ty\u00f6turvallisuutta. Tuotteidemme avulla voit ohjata useimpia s\u00e4hk\u00f6ll\u00e4 ja hydrauliikalla toimivia koneita sek\u00e4 laitteita turvallisesti paikasta, josta on hyv\u00e4 n\u00e4kyvyys ty\u00f6skentelyalueelle.<\/p>\n<p>&nbsp;<\/p>\n<p>&nbsp;<\/p>\n<h3 style=\"margin-top: -20px; margin-bottom: -8px;\">Galleria<\/h3>\nngg_shortcode_0_placeholder\n<p>&nbsp;<\/p>\n<p>&nbsp;<\/p>\n<p>&nbsp;<\/p>\n","protected":false},"excerpt":{"rendered":"<p>GC-Control radio-ohjauslaitteet GC-Control \u2013 edell\u00e4k\u00e4vij\u00e4 laitteiden ohjausj\u00e4rjestelmiss\u00e4 Langattomat, helppok\u00e4ytt\u00f6iset ja kest\u00e4v\u00e4t radio-ohjaimet lis\u00e4\u00e4v\u00e4t tehokkuutta ja ty\u00f6turvallisuutta. Tuotteidemme avulla voit ohjata useimpia s\u00e4hk\u00f6ll\u00e4 ja hydrauliikalla toimivia koneita sek\u00e4 laitteita turvallisesti paikasta, josta on hyv\u00e4 n\u00e4kyvyys ty\u00f6skentelyalueelle. &nbsp; &nbsp; Galleria &nbsp; &nbsp; &nbsp;<\/p>\n","protected":false},"author":1,"featured_media":0,"parent":0,"menu_order":0,"comment_status":"closed","ping_status":"closed","template":"","meta":{"site-sidebar-layout":"default","site-content-layout":"","ast-site-content-layout":"","site-content-style":"default","site-sidebar-style":"default","ast-global-header-display":"","ast-banner-title-visibility":"","ast-main-header-display":"","ast-hfb-above-header-display":"","ast-hfb-below-header-display":"","ast-hfb-mobile-header-display":"","site-post-title":"","ast-breadcrumbs-content":"","ast-featured-img":"","footer-sml-layout":"","theme-transparent-header-meta":"","adv-header-id-meta":"","stick-header-meta":"","header-above-stick-meta":"","header-main-stick-meta":"","header-below-stick-meta":"","astra-migrate-meta-layouts":"","ngg_post_thumbnail":0,"footnotes":""},"class_list":["post-3101","page","type-page","status-publish","hentry"],"_links":{"self":[{"href":"https:\/\/www.gc-cranes.fi\/www\/wp-json\/wp\/v2\/pages\/3101","targetHints":{"allow":["GET"]}}],"collection":[{"href":"https:\/\/www.gc-cranes.fi\/www\/wp-json\/wp\/v2\/pages"}],"about":[{"href":"https:\/\/www.gc-cranes.fi\/www\/wp-json\/wp\/v2\/types\/page"}],"author":[{"embeddable":true,"href":"https:\/\/www.gc-cranes.fi\/www\/wp-json\/wp\/v2\/users\/1"}],"replies":[{"embeddable":true,"href":"https:\/\/www.gc-cranes.fi\/www\/wp-json\/wp\/v2\/comments?post=3101"}],"version-history":[{"count":7,"href":"https:\/\/www.gc-cranes.fi\/www\/wp-json\/wp\/v2\/pages\/3101\/revisions"}],"predecessor-version":[{"id":3654,"href":"https:\/\/www.gc-cranes.fi\/www\/wp-json\/wp\/v2\/pages\/3101\/revisions\/3654"}],"wp:attachment":[{"href":"https:\/\/www.gc-cranes.fi\/www\/wp-json\/wp\/v2\/media?parent=3101"}],"curies":[{"name":"wp","href":"https:\/\/api.w.org\/{rel}","templated":true}]}}