{"id":3110,"date":"2018-03-22T12:48:04","date_gmt":"2018-03-22T10:48:04","guid":{"rendered":"http:\/\/www.gc-cranes.fi\/www\/?page_id=3110"},"modified":"2018-03-29T10:00:22","modified_gmt":"2018-03-29T07:00:22","slug":"tractel-huolto-ja-tarkastus","status":"publish","type":"page","link":"https:\/\/www.gc-cranes.fi\/www\/tractel-huolto-ja-tarkastus\/","title":{"rendered":"Tractel-huolto ja tarkastus"},"content":{"rendered":"<h1>Tractel-huolto ja tarkastus<\/h1>\n<p><img fetchpriority=\"high\" decoding=\"async\" class=\"size-full wp-image-3466 alignnone\" src=\"http:\/\/www.gc-cranes.fi\/www\/wp-content\/uploads\/2018\/03\/gc-guaranty-cranes-tractel-huolto-metalliteollisuus-2.jpg\" alt=\"gc-guaranty-cranes-tractel-huolto-metalliteollisuus\" width=\"887\" height=\"324\" srcset=\"https:\/\/www.gc-cranes.fi\/www\/wp-content\/uploads\/2018\/03\/gc-guaranty-cranes-tractel-huolto-metalliteollisuus-2.jpg 887w, https:\/\/www.gc-cranes.fi\/www\/wp-content\/uploads\/2018\/03\/gc-guaranty-cranes-tractel-huolto-metalliteollisuus-2-300x110.jpg 300w, https:\/\/www.gc-cranes.fi\/www\/wp-content\/uploads\/2018\/03\/gc-guaranty-cranes-tractel-huolto-metalliteollisuus-2-768x281.jpg 768w\" sizes=\"(max-width: 887px) 100vw, 887px\" \/><\/p>\n<p>Tractel -sertifioidut palvelumme auttavat sinua pit\u00e4m\u00e4\u00e4n laitteesi moitteettomassa kunnossa koko laitteen elinkaaren ajan. Toimintamme kattaa yli 10 vuoden kokemuksella nosto-, turva- ja putoamissuojauslaitteiden huollot, korjaukset sek\u00e4 tarkastukset<\/p>\n<p>\u2022 Tirak ja Minifor k\u00f6ysinostimet<\/p>\n<p>\u2022 Blocstop turvatarraimet<\/p>\n<p>\u2022 Blocfor kelatarraimet<\/p>\n<p>Tirak ja Minifor nostimien huipputekniikka edellytt\u00e4\u00e4 asiantuntemusta ja huolloissa \/ tarkastuksissa tarkoitettuja erikoisty\u00f6kaluja ja mittalaitteita. GC-Cranes t\u00e4ytt\u00e4\u00e4 valmistajan asettamat korkeat laatuvaatimukset.<\/p>\n<p>Teknisen asiantuntemuksemme ansiosta takaamme asiakkaidemme tuoton ja turvallisuuden.<\/p>\n<h4>Koulutetut Tractel -mekaanikot<\/h4>\n<p>Jatkuvilla koulutuksilla varmistetaan oikeaoppinen ja tehokas kunnossapito. Tarkastukset ja toimintakokeet suoritetaan valmistajan tiukkojen m\u00e4\u00e4r\u00e4ysten mukaisesti ja korjaukset valmistajan alkuper\u00e4isosilla kattavasta varaosavarastostamme.<\/p>\n<h4>Sertifioitua palvelua<\/h4>\n<p>Palvelutehokkaan toimintamme takana on vankka ammattitaito ja osaaminen. SolidServi- palvelumme varmistaa takuun s\u00e4ilymisen sek\u00e4 suorittaa mahdolliset takuukorjaukset. S\u00e4hk\u00f6inen raportointimme takaa selke\u00e4n kustannusten ja raporttien hallinnan.<\/p>\n<h4>Ota yhteytt\u00e4 ja pyyd\u00e4 tarjous!<\/h4>\n<p><em>Tractel -nostimia ei saa huoltaa ja tarkastaa kuin valmistajan sertifioimat yritykset.<\/em><\/p>\n<p>&nbsp;<\/p>\n<p>&nbsp;<\/p>\n<p>&nbsp;<\/p>\n","protected":false},"excerpt":{"rendered":"<p>Tractel-huolto ja tarkastus Tractel -sertifioidut palvelumme auttavat sinua pit\u00e4m\u00e4\u00e4n laitteesi moitteettomassa kunnossa koko laitteen elinkaaren ajan. Toimintamme kattaa yli 10 vuoden kokemuksella nosto-, turva- ja putoamissuojauslaitteiden huollot, korjaukset sek\u00e4 tarkastukset \u2022 Tirak ja Minifor k\u00f6ysinostimet \u2022 Blocstop turvatarraimet \u2022 Blocfor kelatarraimet Tirak ja Minifor nostimien huipputekniikka edellytt\u00e4\u00e4 asiantuntemusta ja huolloissa \/ tarkastuksissa tarkoitettuja erikoisty\u00f6kaluja ja &hellip;<\/p>\n<p class=\"read-more\"> <a class=\"\" href=\"https:\/\/www.gc-cranes.fi\/www\/tractel-huolto-ja-tarkastus\/\"> <span class=\"screen-reader-text\">Tractel-huolto ja tarkastus<\/span> Lue lis\u00e4\u00e4 &raquo;<\/a><\/p>\n","protected":false},"author":1,"featured_media":0,"parent":0,"menu_order":0,"comment_status":"closed","ping_status":"closed","template":"","meta":{"site-sidebar-layout":"default","site-content-layout":"","ast-site-content-layout":"","site-content-style":"default","site-sidebar-style":"default","ast-global-header-display":"","ast-banner-title-visibility":"","ast-main-header-display":"","ast-hfb-above-header-display":"","ast-hfb-below-header-display":"","ast-hfb-mobile-header-display":"","site-post-title":"","ast-breadcrumbs-content":"","ast-featured-img":"","footer-sml-layout":"","theme-transparent-header-meta":"","adv-header-id-meta":"","stick-header-meta":"","header-above-stick-meta":"","header-main-stick-meta":"","header-below-stick-meta":"","astra-migrate-meta-layouts":"","ngg_post_thumbnail":0,"footnotes":""},"class_list":["post-3110","page","type-page","status-publish","hentry"],"_links":{"self":[{"href":"https:\/\/www.gc-cranes.fi\/www\/wp-json\/wp\/v2\/pages\/3110","targetHints":{"allow":["GET"]}}],"collection":[{"href":"https:\/\/www.gc-cranes.fi\/www\/wp-json\/wp\/v2\/pages"}],"about":[{"href":"https:\/\/www.gc-cranes.fi\/www\/wp-json\/wp\/v2\/types\/page"}],"author":[{"embeddable":true,"href":"https:\/\/www.gc-cranes.fi\/www\/wp-json\/wp\/v2\/users\/1"}],"replies":[{"embeddable":true,"href":"https:\/\/www.gc-cranes.fi\/www\/wp-json\/wp\/v2\/comments?post=3110"}],"version-history":[{"count":7,"href":"https:\/\/www.gc-cranes.fi\/www\/wp-json\/wp\/v2\/pages\/3110\/revisions"}],"predecessor-version":[{"id":3467,"href":"https:\/\/www.gc-cranes.fi\/www\/wp-json\/wp\/v2\/pages\/3110\/revisions\/3467"}],"wp:attachment":[{"href":"https:\/\/www.gc-cranes.fi\/www\/wp-json\/wp\/v2\/media?parent=3110"}],"curies":[{"name":"wp","href":"https:\/\/api.w.org\/{rel}","templated":true}]}}