{"id":3119,"date":"2018-03-22T13:10:05","date_gmt":"2018-03-22T11:10:05","guid":{"rendered":"http:\/\/www.gc-cranes.fi\/www\/?page_id=3119"},"modified":"2018-03-28T13:22:50","modified_gmt":"2018-03-28T10:22:50","slug":"myynti","status":"publish","type":"page","link":"https:\/\/www.gc-cranes.fi\/www\/myynti\/","title":{"rendered":"Myynti"},"content":{"rendered":"<h1>Myynti<\/h1>\n<p><img fetchpriority=\"high\" decoding=\"async\" class=\"size-full wp-image-3257 alignnone\" src=\"http:\/\/www.gc-cranes.fi\/www\/wp-content\/uploads\/2018\/03\/gc-guaranty-cranes-myynti-metalliteollisuus.jpg\" alt=\"gc-guaranty-cranes-myynti-metalliteollisuus\" width=\"887\" height=\"324\" srcset=\"https:\/\/www.gc-cranes.fi\/www\/wp-content\/uploads\/2018\/03\/gc-guaranty-cranes-myynti-metalliteollisuus.jpg 887w, https:\/\/www.gc-cranes.fi\/www\/wp-content\/uploads\/2018\/03\/gc-guaranty-cranes-myynti-metalliteollisuus-300x110.jpg 300w, https:\/\/www.gc-cranes.fi\/www\/wp-content\/uploads\/2018\/03\/gc-guaranty-cranes-myynti-metalliteollisuus-768x281.jpg 768w\" sizes=\"(max-width: 887px) 100vw, 887px\" \/><\/p>\n<p>Toimitamme nostureita ja nostolaitteita kymmenien vuosien kokemuksella eri toimialoille r\u00e4\u00e4t\u00e4l\u00f6idysti vastaamaan asiakkaidemme tarpeita.<\/p>\n<p>Suunnittelemme tuotteet yksil\u00f6idysti vaativimpiinkin kohteisiin huomioiden asiakkaan ja tuotannon tarpeet. Tuotteemme edustavat alan johtavaa teknist\u00e4 osaamista ja laatua. Jokainen tuote on valmistettu tarkkojen standardien ja laatuvaatimusten mukaisesti.<\/p>\n<p>Pyyd\u00e4 ilmainen kartoitus niin suunnittelemme kohteeseesi parhaiten soveltuvan ratkaisun, olipa sitten kyse kevyest\u00e4 nostinsovelluksesta tai raskaasta prosessik\u00e4yt\u00f6st\u00e4. Tarjoamme kaikkiin tuotteisiimme t\u00e4yden teknisen tuen sek\u00e4 asiantuntijapalvelut<\/p>\n<h4><\/h4>\n<p><img decoding=\"async\" class=\"size-full wp-image-3356 alignright\" src=\"http:\/\/www.gc-cranes.fi\/www\/wp-content\/uploads\/2018\/03\/elinkaaripalvelut-GC-cranes-e1522232350930.jpg\" alt=\"\" width=\"500\" height=\"500\" \/><\/p>\n<h4>1. Suunnittelu<\/h4>\n<p>Huolellinen tarvekartoitus, asiakkaan kuunteleminen, myynti, tuotteiden sek\u00e4 palveluiden tarjoaminen yksil\u00f6idysti vastaamaan k\u00e4ytt\u00f6tarkoitusta ja tuotannon kehityst\u00e4.<\/p>\n<h4>2. Valmistus ja asennus<\/h4>\n<p>Laatutakuutuotteet nykyteknologian ja tarkkojen standardien mukaisesti r\u00e4\u00e4t\u00e4l\u00f6ityn\u00e4 asiakkaan tarpeisiin. Asiantunteva asennuspalvelu ja k\u00e4ytt\u00f6koulutus.<\/p>\n<h4>3. Huoltopalvelut<\/h4>\n<p>Jatkuva tiedonkeruu tunnistaen turvallisuuden ja tuotannon riskit. Ennakoiva huolto ja asiantuntijapalvelu kustannustehokkaaseen modernisointiin.<\/p>\n<h4>4. Kunnossapito ja tarkastustoiminta<\/h4>\n<p>Sertifioitu mekaanikkoty\u00f6 valmistajien asettamien laatuvaatimusten mukaan, varaosapalvelu ja lakis\u00e4\u00e4teiset tarkastukset minimoiden tuotantokatkokset.<\/p>\n<p>&nbsp;<\/p>\n","protected":false},"excerpt":{"rendered":"<p>Myynti Toimitamme nostureita ja nostolaitteita kymmenien vuosien kokemuksella eri toimialoille r\u00e4\u00e4t\u00e4l\u00f6idysti vastaamaan asiakkaidemme tarpeita. Suunnittelemme tuotteet yksil\u00f6idysti vaativimpiinkin kohteisiin huomioiden asiakkaan ja tuotannon tarpeet. Tuotteemme edustavat alan johtavaa teknist\u00e4 osaamista ja laatua. Jokainen tuote on valmistettu tarkkojen standardien ja laatuvaatimusten mukaisesti. Pyyd\u00e4 ilmainen kartoitus niin suunnittelemme kohteeseesi parhaiten soveltuvan ratkaisun, olipa sitten kyse kevyest\u00e4 nostinsovelluksesta &hellip;<\/p>\n<p class=\"read-more\"> <a class=\"\" href=\"https:\/\/www.gc-cranes.fi\/www\/myynti\/\"> <span class=\"screen-reader-text\">Myynti<\/span> Lue lis\u00e4\u00e4 &raquo;<\/a><\/p>\n","protected":false},"author":1,"featured_media":0,"parent":0,"menu_order":0,"comment_status":"closed","ping_status":"closed","template":"","meta":{"site-sidebar-layout":"default","site-content-layout":"","ast-site-content-layout":"","site-content-style":"default","site-sidebar-style":"default","ast-global-header-display":"","ast-banner-title-visibility":"","ast-main-header-display":"","ast-hfb-above-header-display":"","ast-hfb-below-header-display":"","ast-hfb-mobile-header-display":"","site-post-title":"","ast-breadcrumbs-content":"","ast-featured-img":"","footer-sml-layout":"","theme-transparent-header-meta":"","adv-header-id-meta":"","stick-header-meta":"","header-above-stick-meta":"","header-main-stick-meta":"","header-below-stick-meta":"","astra-migrate-meta-layouts":"","ngg_post_thumbnail":0,"footnotes":""},"class_list":["post-3119","page","type-page","status-publish","hentry"],"_links":{"self":[{"href":"https:\/\/www.gc-cranes.fi\/www\/wp-json\/wp\/v2\/pages\/3119","targetHints":{"allow":["GET"]}}],"collection":[{"href":"https:\/\/www.gc-cranes.fi\/www\/wp-json\/wp\/v2\/pages"}],"about":[{"href":"https:\/\/www.gc-cranes.fi\/www\/wp-json\/wp\/v2\/types\/page"}],"author":[{"embeddable":true,"href":"https:\/\/www.gc-cranes.fi\/www\/wp-json\/wp\/v2\/users\/1"}],"replies":[{"embeddable":true,"href":"https:\/\/www.gc-cranes.fi\/www\/wp-json\/wp\/v2\/comments?post=3119"}],"version-history":[{"count":7,"href":"https:\/\/www.gc-cranes.fi\/www\/wp-json\/wp\/v2\/pages\/3119\/revisions"}],"predecessor-version":[{"id":3359,"href":"https:\/\/www.gc-cranes.fi\/www\/wp-json\/wp\/v2\/pages\/3119\/revisions\/3359"}],"wp:attachment":[{"href":"https:\/\/www.gc-cranes.fi\/www\/wp-json\/wp\/v2\/media?parent=3119"}],"curies":[{"name":"wp","href":"https:\/\/api.w.org\/{rel}","templated":true}]}}