{"id":3231,"date":"2018-03-26T10:28:09","date_gmt":"2018-03-26T07:28:09","guid":{"rendered":"http:\/\/www.gc-cranes.fi\/www\/?page_id=3231"},"modified":"2018-09-12T11:51:46","modified_gmt":"2018-09-12T08:51:46","slug":"media","status":"publish","type":"page","link":"https:\/\/www.gc-cranes.fi\/www\/media\/","title":{"rendered":"Media"},"content":{"rendered":"<h1>Media<\/h1>\n<p><img fetchpriority=\"high\" decoding=\"async\" class=\"size-full wp-image-3276 alignnone\" src=\"http:\/\/www.gc-cranes.fi\/www\/wp-content\/uploads\/2018\/03\/gc-guaranty-cranes-media-metalliteollisuus.jpg\" alt=\"gc-guaranty-cranes-media-metalliteollisuus\" width=\"887\" height=\"324\" srcset=\"https:\/\/www.gc-cranes.fi\/www\/wp-content\/uploads\/2018\/03\/gc-guaranty-cranes-media-metalliteollisuus.jpg 887w, https:\/\/www.gc-cranes.fi\/www\/wp-content\/uploads\/2018\/03\/gc-guaranty-cranes-media-metalliteollisuus-300x110.jpg 300w, https:\/\/www.gc-cranes.fi\/www\/wp-content\/uploads\/2018\/03\/gc-guaranty-cranes-media-metalliteollisuus-768x281.jpg 768w\" sizes=\"(max-width: 887px) 100vw, 887px\" \/><\/p>\n<p>T\u00e4st\u00e4 osiosta voit ladata logomme ja muun yritysmateriaalin. Otathan huomioon, ett\u00e4 materiaalia koskee normaalit tekij\u00e4noikeuslait, kaikenlainen muokkaaminen on kielletty eik\u00e4 materiaalia saa k\u00e4ytt\u00e4\u00e4 GC-Cranesia koskemattomissa asiayhteyksiss\u00e4.<\/p>\n<h3>&nbsp;<\/h3>\n<h3>Logot<\/h3>\n<div class='content-column one_half'><p><a href=\"http:\/\/www.gc-cranes.fi\/www\/wp-content\/uploads\/2018\/09\/gc-cranes-logo-1.jpg\" target=\"_blank\" rel=\"noopener\"><img decoding=\"async\" class=\"size-full wp-image-3549 alignnone\" src=\"http:\/\/www.gc-cranes.fi\/www\/wp-content\/uploads\/2018\/09\/gc-cranes-logo-1_.jpg\" alt=\"gc-cranes-logo-1\" width=\"300\" height=\"100\"><\/a><\/p>\n<p>\u00bb <a href=\"http:\/\/www.gc-cranes.fi\/www\/wp-content\/uploads\/2018\/09\/gc-cranes-logo-1.jpg\" target=\"_blank\" rel=\"noopener\">Lataa .jpg<\/a><br \/>\n\u00bb <a href=\"http:\/\/www.gc-cranes.fi\/www\/wp-content\/uploads\/2018\/09\/gc-cranes-logo-1.pdf\" target=\"_blank\" rel=\"noopener\">Lataa .pdf<\/a><\/p><\/div>\n<div class='content-column one_half last_column'><p><a href=\"http:\/\/www.gc-cranes.fi\/www\/wp-content\/uploads\/2018\/09\/gc-cranes-logo-2.jpg\" target=\"_blank\" rel=\"noopener\"><img decoding=\"async\" class=\"size-full wp-image-3552 alignnone\" src=\"http:\/\/www.gc-cranes.fi\/www\/wp-content\/uploads\/2018\/09\/gc-cranes-logo-2_.jpg\" alt=\"\" width=\"300\" height=\"101\"><\/a><\/p>\n<p>\u00bb <a href=\"http:\/\/www.gc-cranes.fi\/www\/wp-content\/uploads\/2018\/09\/gc-cranes-logo-2.jpg\" target=\"_blank\" rel=\"noopener\">Lataa .jpg<\/a><br \/>\n\u00bb <a href=\"http:\/\/www.gc-cranes.fi\/www\/wp-content\/uploads\/2018\/09\/gc-cranes-logo-2.pdf\" target=\"_blank\" rel=\"noopener\">Lataa .pdf<\/a><\/p><\/div><div class='clear_column'><\/div>\n<hr>\n<div class='content-column one_half'><p><a href=\"http:\/\/www.gc-cranes.fi\/www\/wp-content\/uploads\/2018\/09\/gc-cranes-logo-3.png\" target=\"_blank\" rel=\"noopener\"><img loading=\"lazy\" decoding=\"async\" class=\"size-full wp-image-3557 alignnone\" src=\"http:\/\/www.gc-cranes.fi\/www\/wp-content\/uploads\/2018\/09\/gc-cranes-logo-3_.png\" alt=\"\" width=\"300\" height=\"78\"><\/a><\/p>\n<p>\u00bb <a href=\"http:\/\/www.gc-cranes.fi\/www\/wp-content\/uploads\/2018\/09\/gc-cranes-logo-3.png\" target=\"_blank\" rel=\"noopener\">Lataa .png<\/a><br \/>\n\u00bb <a href=\"http:\/\/www.gc-cranes.fi\/www\/wp-content\/uploads\/2018\/09\/gc-cranes-logo-3.pdf\" target=\"_blank\" rel=\"noopener\">Lataa .pdf<\/a><\/p><\/div>\n<div class='content-column one_half last_column'><a href=\"http:\/\/www.gc-cranes.fi\/www\/wp-content\/uploads\/2018\/09\/gc-cranes-logo-4.png\" target=\"_blank\" rel=\"noopener\"><img loading=\"lazy\" decoding=\"async\" class=\" wp-image-3560 alignnone\" src=\"http:\/\/www.gc-cranes.fi\/www\/wp-content\/uploads\/2018\/09\/gc-cranes-logo-4_.png\" alt=\"gc-cranes-logo-4\" width=\"201\" height=\"115\"><\/a><\/p>\n<p>\u00bb <a href=\"http:\/\/www.gc-cranes.fi\/www\/wp-content\/uploads\/2018\/09\/gc-cranes-logo-4.png\" target=\"_blank\" rel=\"noopener\">Lataa .png<\/a><br \/>\n\u00bb <a href=\"http:\/\/www.gc-cranes.fi\/www\/wp-content\/uploads\/2018\/09\/gc-cranes-logo-4.pdf\" target=\"_blank\" rel=\"noopener\">Lataa .pdf<\/a><\/p><\/div><div class='clear_column'><\/div>\n<p>&nbsp;<\/p>\n<p>&nbsp;<\/p>\n","protected":false},"excerpt":{"rendered":"<p>Media T\u00e4st\u00e4 osiosta voit ladata logomme ja muun yritysmateriaalin. Otathan huomioon, ett\u00e4 materiaalia koskee normaalit tekij\u00e4noikeuslait, kaikenlainen muokkaaminen on kielletty eik\u00e4 materiaalia saa k\u00e4ytt\u00e4\u00e4 GC-Cranesia koskemattomissa asiayhteyksiss\u00e4. &nbsp; Logot &nbsp; &nbsp;<\/p>\n","protected":false},"author":1,"featured_media":0,"parent":0,"menu_order":0,"comment_status":"closed","ping_status":"closed","template":"","meta":{"site-sidebar-layout":"default","site-content-layout":"","ast-site-content-layout":"","site-content-style":"default","site-sidebar-style":"default","ast-global-header-display":"","ast-banner-title-visibility":"","ast-main-header-display":"","ast-hfb-above-header-display":"","ast-hfb-below-header-display":"","ast-hfb-mobile-header-display":"","site-post-title":"","ast-breadcrumbs-content":"","ast-featured-img":"","footer-sml-layout":"","theme-transparent-header-meta":"","adv-header-id-meta":"","stick-header-meta":"","header-above-stick-meta":"","header-main-stick-meta":"","header-below-stick-meta":"","astra-migrate-meta-layouts":"","ngg_post_thumbnail":0,"footnotes":""},"class_list":["post-3231","page","type-page","status-publish","hentry"],"_links":{"self":[{"href":"https:\/\/www.gc-cranes.fi\/www\/wp-json\/wp\/v2\/pages\/3231","targetHints":{"allow":["GET"]}}],"collection":[{"href":"https:\/\/www.gc-cranes.fi\/www\/wp-json\/wp\/v2\/pages"}],"about":[{"href":"https:\/\/www.gc-cranes.fi\/www\/wp-json\/wp\/v2\/types\/page"}],"author":[{"embeddable":true,"href":"https:\/\/www.gc-cranes.fi\/www\/wp-json\/wp\/v2\/users\/1"}],"replies":[{"embeddable":true,"href":"https:\/\/www.gc-cranes.fi\/www\/wp-json\/wp\/v2\/comments?post=3231"}],"version-history":[{"count":11,"href":"https:\/\/www.gc-cranes.fi\/www\/wp-json\/wp\/v2\/pages\/3231\/revisions"}],"predecessor-version":[{"id":3565,"href":"https:\/\/www.gc-cranes.fi\/www\/wp-json\/wp\/v2\/pages\/3231\/revisions\/3565"}],"wp:attachment":[{"href":"https:\/\/www.gc-cranes.fi\/www\/wp-json\/wp\/v2\/media?parent=3231"}],"curies":[{"name":"wp","href":"https:\/\/api.w.org\/{rel}","templated":true}]}}